{"id":11,"date":"2012-02-06T14:49:17","date_gmt":"2012-02-06T14:49:17","guid":{"rendered":"http:\/\/www.alter-nativ.fr\/label\/?page_id=11"},"modified":"2018-08-29T20:49:24","modified_gmt":"2018-08-29T20:49:24","slug":"contacts","status":"publish","type":"page","link":"http:\/\/www.alter-nativ.fr\/label\/contacts\/","title":{"rendered":"About"},"content":{"rendered":"<p>Alter-Nativ a \u00e9t\u00e9 cr\u00e9\u00e9 en 2007 par Laurent DAVID et Peurduloup \u00e0 Paris en r\u00e9ponse \u00e0 un besoin des musiciens de diffuser des projets n\u2019entrant pas dans le format traditionnel du moment. Venant tous d\u2019origines musicales diff\u00e9rentes, ils partagent pourtant une approche sans compromis de la production et de l\u2019improvisation.<br \/>\nOrganis\u00e9 comme un collectif, \u00a0le label attire rapidement des artistes montants et reconnus.<br \/>\nLe label s\u2019associe en 2010 \u00e0 Music Box Publishing pour continuer \u00e0 d\u00e9velopper ses horizons. Il est encore \u00e0 ce jour un terrain de jeu unique pour une musicalit\u00e9 et une cr\u00e9ativit\u00e9 en dehors des sentiers battus.<\/p>\n<p>&#8212;&#8212;&#8212;-<br \/>\nAlter-Nativ was created in 2007 by Laurent David and Peurduloup in Paris out of a need\u00a0musicians had to channel projects that would not fit the format of the scene at that time. Coming from various musical backgrounds they all shared an un-compromised approach to improvisation.<\/p>\n<p>Organized as a collective the label quickly attracted both rising and well-known musicians. The label partnered with Music box publishing in 2010 to keep on expanding his horizons. It is still to this day a unique playground for outstanding musicianship and creativity.<\/p>\n<p><strong>Pour nous contacter<\/strong>, pour proposer un projet, soumettre une id\u00e9e, faire un commentaire, nous soutenir, faire une donation, obtenir une information \u2026<br \/>\nune seule adresse !<\/p>\n<p>Merci d\u2019envoyer un message \u00e0 \u00a0<strong><a href=\"mailto:contact@alter-nativ.fr\">contact@alter-nativ.fr<\/a><\/strong><\/p>\n<p>&nbsp;<\/p>\n<p><strong>Vous souhaitez utiliser notre musique ?<\/strong><br \/>\n(Synchronisation, illustration musicale\u00a0de tout projet audiovisuel &#8230;)<br \/>\nMerci de contacter MusicBox publishing :\u00a0contact[a]musicboxpublishing.fr<\/p>\n<p><a href=\"http:\/\/www.musicboxpublishing.fr\/\"><img loading=\"lazy\" class=\"alignleft size-full wp-image-295\" title=\"logo_music-box-publishing\" src=\"http:\/\/www.alter-nativ.fr\/label\/wp-content\/uploads\/2013\/04\/logo_music-box-publishing.jpg\" alt=\"\" width=\"175\" height=\"54\" \/><\/a><\/p>\n","protected":false},"excerpt":{"rendered":"<p>Alter-Nativ a \u00e9t\u00e9 cr\u00e9\u00e9 en 2007 par Laurent DAVID et Peurduloup \u00e0 Paris en r\u00e9ponse \u00e0 un besoin des musiciens de diffuser des projets n\u2019entrant pas dans le format traditionnel du moment. Venant tous d\u2019origines musicales diff\u00e9rentes, ils partagent pourtant une approche sans compromis de la production et de l\u2019improvisation. Organis\u00e9 comme un collectif, \u00a0le [&hellip;]<\/p>\n","protected":false},"author":1,"featured_media":0,"parent":0,"menu_order":0,"comment_status":"open","ping_status":"open","template":"","meta":[],"_links":{"self":[{"href":"http:\/\/www.alter-nativ.fr\/label\/wp-json\/wp\/v2\/pages\/11"}],"collection":[{"href":"http:\/\/www.alter-nativ.fr\/label\/wp-json\/wp\/v2\/pages"}],"about":[{"href":"http:\/\/www.alter-nativ.fr\/label\/wp-json\/wp\/v2\/types\/page"}],"author":[{"embeddable":true,"href":"http:\/\/www.alter-nativ.fr\/label\/wp-json\/wp\/v2\/users\/1"}],"replies":[{"embeddable":true,"href":"http:\/\/www.alter-nativ.fr\/label\/wp-json\/wp\/v2\/comments?post=11"}],"version-history":[{"count":16,"href":"http:\/\/www.alter-nativ.fr\/label\/wp-json\/wp\/v2\/pages\/11\/revisions"}],"predecessor-version":[{"id":899,"href":"http:\/\/www.alter-nativ.fr\/label\/wp-json\/wp\/v2\/pages\/11\/revisions\/899"}],"wp:attachment":[{"href":"http:\/\/www.alter-nativ.fr\/label\/wp-json\/wp\/v2\/media?parent=11"}],"curies":[{"name":"wp","href":"https:\/\/api.w.org\/{rel}","templated":true}]}}